{"id":76,"date":"2022-09-17T05:40:37","date_gmt":"2022-09-17T05:40:37","guid":{"rendered":"https:\/\/aaintergrupalnva.com\/?page_id=76"},"modified":"2022-09-17T06:04:35","modified_gmt":"2022-09-17T06:04:35","slug":"12-pasos-12-tradiciones","status":"publish","type":"page","link":"https:\/\/aaintergrupalnva.com\/?page_id=76","title":{"rendered":"12 PASOS 12 TRADICIONES"},"content":{"rendered":"\n<h4 class=\"wp-block-heading\">  12 PASOS DE ALCOHOLICOS ANONIMOS.<\/h4>\n\n\n\n<ol class=\"has-blue-color has-text-color wp-block-list\" style=\"font-size:18px\"><li>A<strong>dmitimos que \u00e9ramos impotentes ante el alcohol, que nuestras vidas se hab\u00edan vuelto ingobernables.<\/strong><\/li><li><strong>Llegamos a creer que un Poder superior a nosotros mismos podr\u00eda devolvernos el sano juicio.<\/strong><\/li><li><strong>Decidimos poner nuestras voluntades y nuestras vidas al cuidado de Dios, como nosotros lo concebimos.<\/strong><\/li><li><strong>Sin miedo hicimos un minucioso inventario moral de nosotros mismos.<\/strong><\/li><li><strong>Admitimos ante Dios, ante nosotros mismos, y ante otro ser humano, la naturaleza exacta de nuestros defectos.<\/strong><\/li><li><strong>Estuvimos enteramente dispuestos a dejar que Dios nos liberase de nuestros defectos.<\/strong><\/li><li><strong>Humildemente le pedimos que nos liberase de nuestros defectos.<\/strong><\/li><li><strong>Hicimos una lista de todas aquellas personas a quienes hab\u00edamos ofendido y estuvimos dispuestos a reparar el da\u00f1o que les causamos.<\/strong><\/li><li><strong>Reparamos directamente a cuantos nos fue posible el da\u00f1o causado, excepto cuando el hacerlo implicaba perjuicio para ellos o para otros.<\/strong><\/li><li><strong>Continuamos haciendo nuestro inventario personal y cuando nos equivoc\u00e1bamos lo admit\u00edamos inmediatamente.<\/strong><\/li><li><strong>Buscamos a trav\u00e9s de la oraci\u00f3n y la meditaci\u00f3n mejorar nuestro contacto consciente con Dios, como nosotros lo concebimos, pidi\u00e9ndole solamente que nos dejase conocer su voluntad para con nosotros y nos diese la fortaleza para cumplirla.<\/strong><\/li><li><strong>Habiendo obtenido un despertar espiritual como resultado de estos pasos, tratamos de llevar el mensaje a los alcoh\u00f3licos y de practicar estos principios en todos nuestros asuntos.<\/strong><\/li><\/ol>\n\n\n\n<h4 class=\"wp-block-heading\">12 TRADICIONES DE ALCOHOLICOS ANONIMOS.<\/h4>\n\n\n\n<ol class=\"has-blue-color has-text-color wp-block-list\" style=\"font-size:18px\"><li>N<strong>uestro bienestar com\u00fan debe tener la preferencia; la recuperaci\u00f3n personal depende de la unidad de A.A.<\/strong><\/li><li><strong>Para el prop\u00f3sito de nuestro grupo s\u00f3lo existe una autoridad fundamental: un Dios amoroso tal como se exprese en la conciencia de nuestros grupos. Nuestros l\u00edderes no son m\u00e1s que servidores de confianza; no gobiernan.<\/strong><\/li><li><strong>El \u00fanico requisito para ser miembro de A.A. es querer dejar de beber.<\/strong><\/li><li><strong>Cada grupo debe ser aut\u00f3nomo, excepto en asuntos que afecten a otros grupos o a Alcoh\u00f3licos An\u00f3nimos considerado como un todo.<\/strong><\/li><li><strong>Cada grupo tiene un solo objetivo primordial\u2014llevar el mensaje al alcoh\u00f3lico que a\u00fan est\u00e1 sufriendo.<\/strong><\/li><li><strong>Un grupo de A.A. nunca debe respaldar, financiar o prestar el nombre de A.A. a ninguna entidad allegada o empresa ajena, para evitar que los problemas de dinero, propiedad y prestigio nos desv\u00eden de nuestro objetivo primordial.<\/strong><\/li><li><strong>Todo grupo de A.A. debe mantenerse completamente a s\u00ed mismo, neg\u00e1ndose a recibir contribuciones de afuera.<\/strong><\/li><li><strong>A.A. nunca tendr\u00e1 car\u00e1cter profesional, pero nuestros centros de servicio pueden emplear trabajadores especiales.<\/strong><\/li><li><strong>A.A. como tal nunca debe ser organizada; pero podemos crear juntas o comit\u00e9s de servicio que sean directamente responsables ante aquellos a quienes sirven.<\/strong><\/li><li><strong>A.A. no tiene opini\u00f3n acerca de asuntos ajenos a sus actividades; por consiguiente su nombre nunca debe mezclarse en pol\u00e9micas p\u00fablicas.<\/strong><\/li><li><strong>Nuestra pol\u00edtica de relaciones p\u00fablicas se basa m\u00e1s bien en la atracci\u00f3n que en la promoci\u00f3n; necesitamos mantener siempre nuestro anonimato personal ante la prensa, la radio y el cine.<\/strong><\/li><li><strong>El anonimato es la base espiritual de todas nuestras Tradiciones, record\u00e1ndonos siempre anteponer los principios a las personalidades.<\/strong><\/li><\/ol>\n\n\n\n<h4 class=\"wp-block-heading\"><strong>Los Doce Conceptos para el Servicio Mundial<\/strong><\/h4>\n\n\n\n<ol class=\"has-blue-color has-text-color wp-block-list\" style=\"font-size:18px\"><li><strong>La responsabilidad final y la autoridad fundamental de los Servicios Mundiales de A.A. deben residir siempre en la conciencia colectiva de toda nuestra Comunidad.<\/strong><\/li><li><strong>La Conferencia de Servicios Generales de A.A. se ha convertido, para casi todo prop\u00f3sito pr\u00e1ctico, en la voz activa y la conciencia efectiva de toda nuestra Comunidad en sus asuntos mundiales.<\/strong><\/li><li><strong>Para asegurar una direcci\u00f3n eficaz, debemos dotar a cada uno de los elementos de A.A. (la Conferencia, la Junta de Servicios Generales, las corporaciones de servicios, personal directivo, comit\u00e9s y ejecutivos) de un &#8220;Derecho de Decisi\u00f3n&#8221; tradicional.<\/strong><\/li><li><strong>En todos los niveles de responsabilidad, debemos mantener un &#8220;Derecho de Participaci\u00f3n&#8221; tradicional, en forma tal que permita la representaci\u00f3n votante en proporci\u00f3n razonable a la responsabilidad que cada nivel deba asumir.<\/strong><\/li><li><strong>Debe prevalecer en toda nuestra estructura un &#8220;Derecho de Apelaci\u00f3n&#8221; tradicional, asegur\u00e1ndonos as\u00ed que la opini\u00f3n de la minor\u00eda ser\u00e1 o\u00edda, y que las peticiones de rectificaci\u00f3n de los agravios personales ser\u00e1n consideradas cuidadosamente.<\/strong><\/li><li><strong>La Conferencia reconoce que la iniciativa principal y la responsabilidad activa en la mayor\u00eda de los asuntos de Servicio Mundial deben ser ejercidas por los Custodios miembros de la Conferencia cuando act\u00faan como la Junta de Servicios Generales.<\/strong><\/li><li><strong>La Carta Constitutiva y los Estatutos de la Junta de Servicios Generales son instrumentos legales que facultan a los Custodios para gobernar y conducir los asuntos de Servicio Mundial. El Acta de la Conferencia no es un instrumento legal, pero se apoya, para hacer efectiva su finalidad, en la tradici\u00f3n y el patrimonio de A.A.<\/strong><\/li><li><strong>Los Custodios son los principales planificadores de la pol\u00edtica y finanzas generales. Tienen supervisi\u00f3n administrativa de las entidades de servicio constantemente activas e incorporadas separadamente, y ejercen esta funci\u00f3n por medio de su facultad para elegir a todos los directores de aquellas entidades.<\/strong><\/li><li><strong>Para nuestro funcionamiento y seguridad futuros, se hace indispensable una buena direcci\u00f3n de servicio en todos los niveles. La direcci\u00f3n primordial de Servicio Mundial, que una vez fue ejercida por los fundadores, debe necesariamente ser asumida por los Custodios.<\/strong><\/li><li><strong>A cada responsabilidad de servicio debe corresponder una autoridad de servicio equivalente, quedando siempre bien definido el alcance de dicha autoridad.<\/strong><\/li><li><strong>Los custodios siempre deber\u00e1n contar con ayuda de comit\u00e9s, directores de las corporaciones de servicio, ejecutivos, personal de oficina y asesores que sean los mejores posibles. Deber\u00e1n por lo tanto prestar especial consideraci\u00f3n a la composici\u00f3n, los m\u00e9ritos personales, los procedimientos de ingreso, los derechos y los deberes asignados.<\/strong><\/li><li><strong>La Conferencia cumplir\u00e1 con el esp\u00edritu de las Tradiciones de A.A., teniendo especial cuidado de que nunca se convierta en sede de peligrosa riqueza o poder; que fondos suficientes para su mantenimiento, m\u00e1s una reserva adecuada, sean su prudente principio financiero; que ning\u00fan miembro de la Conferencia sea nunca colocado en una posici\u00f3n de desmedida autoridad sobre ninguno de los dem\u00e1s; que todas las decisiones importantes sean alcanzadas por discusi\u00f3n, votaci\u00f3n y siempre que sea posible, por unanimidad sustancial; que ninguna acci\u00f3n de la Conferencia sea nunca punitiva a personas, o una incitaci\u00f3n a controversia p\u00fablica; que nunca deber\u00e1 realizar ninguna acci\u00f3n de gobierno. y que, as\u00ed como la Sociedad a la cual sirve, siempre permanecer\u00e1 democr\u00e1tica en pensamiento y en acci\u00f3n.<\/strong><\/li><\/ol>\n","protected":false},"excerpt":{"rendered":"<p>12 PASOS DE ALCOHOLICOS ANONIMOS. Admitimos que \u00e9ramos impotentes ante el alcohol, que nuestras vidas se hab\u00edan vuelto ingobernables. Llegamos a creer que un Poder superior a nosotros mismos podr\u00eda devolvernos el sano juicio. Decidimos poner nuestras voluntades y nuestras vidas al cuidado de Dios, como nosotros lo concebimos. Sin miedo hicimos un minucioso inventario [&hellip;]<\/p>\n","protected":false},"author":1,"featured_media":0,"parent":0,"menu_order":0,"comment_status":"closed","ping_status":"closed","template":"","meta":{"site-sidebar-layout":"default","site-content-layout":"","ast-site-content-layout":"default","site-content-style":"default","site-sidebar-style":"default","ast-global-header-display":"","ast-banner-title-visibility":"","ast-main-header-display":"","ast-hfb-above-header-display":"","ast-hfb-below-header-display":"","ast-hfb-mobile-header-display":"","site-post-title":"","ast-breadcrumbs-content":"","ast-featured-img":"","footer-sml-layout":"","ast-disable-related-posts":"","theme-transparent-header-meta":"","adv-header-id-meta":"","stick-header-meta":"","header-above-stick-meta":"","header-main-stick-meta":"","header-below-stick-meta":"","astra-migrate-meta-layouts":"default","ast-page-background-enabled":"default","ast-page-background-meta":{"desktop":{"background-color":"var(--ast-global-color-4)","background-image":"","background-repeat":"repeat","background-position":"center center","background-size":"auto","background-attachment":"scroll","background-type":"","background-media":"","overlay-type":"","overlay-color":"","overlay-opacity":"","overlay-gradient":""},"tablet":{"background-color":"","background-image":"","background-repeat":"repeat","background-position":"center center","background-size":"auto","background-attachment":"scroll","background-type":"","background-media":"","overlay-type":"","overlay-color":"","overlay-opacity":"","overlay-gradient":""},"mobile":{"background-color":"","background-image":"","background-repeat":"repeat","background-position":"center center","background-size":"auto","background-attachment":"scroll","background-type":"","background-media":"","overlay-type":"","overlay-color":"","overlay-opacity":"","overlay-gradient":""}},"ast-content-background-meta":{"desktop":{"background-color":"var(--ast-global-color-5)","background-image":"","background-repeat":"repeat","background-position":"center center","background-size":"auto","background-attachment":"scroll","background-type":"","background-media":"","overlay-type":"","overlay-color":"","overlay-opacity":"","overlay-gradient":""},"tablet":{"background-color":"var(--ast-global-color-5)","background-image":"","background-repeat":"repeat","background-position":"center center","background-size":"auto","background-attachment":"scroll","background-type":"","background-media":"","overlay-type":"","overlay-color":"","overlay-opacity":"","overlay-gradient":""},"mobile":{"background-color":"var(--ast-global-color-5)","background-image":"","background-repeat":"repeat","background-position":"center center","background-size":"auto","background-attachment":"scroll","background-type":"","background-media":"","overlay-type":"","overlay-color":"","overlay-opacity":"","overlay-gradient":""}},"footnotes":""},"class_list":["post-76","page","type-page","status-publish","hentry"],"_links":{"self":[{"href":"https:\/\/aaintergrupalnva.com\/index.php?rest_route=\/wp\/v2\/pages\/76","targetHints":{"allow":["GET"]}}],"collection":[{"href":"https:\/\/aaintergrupalnva.com\/index.php?rest_route=\/wp\/v2\/pages"}],"about":[{"href":"https:\/\/aaintergrupalnva.com\/index.php?rest_route=\/wp\/v2\/types\/page"}],"author":[{"embeddable":true,"href":"https:\/\/aaintergrupalnva.com\/index.php?rest_route=\/wp\/v2\/users\/1"}],"replies":[{"embeddable":true,"href":"https:\/\/aaintergrupalnva.com\/index.php?rest_route=%2Fwp%2Fv2%2Fcomments&post=76"}],"version-history":[{"count":7,"href":"https:\/\/aaintergrupalnva.com\/index.php?rest_route=\/wp\/v2\/pages\/76\/revisions"}],"predecessor-version":[{"id":95,"href":"https:\/\/aaintergrupalnva.com\/index.php?rest_route=\/wp\/v2\/pages\/76\/revisions\/95"}],"wp:attachment":[{"href":"https:\/\/aaintergrupalnva.com\/index.php?rest_route=%2Fwp%2Fv2%2Fmedia&parent=76"}],"curies":[{"name":"wp","href":"https:\/\/api.w.org\/{rel}","templated":true}]}}